{"id":14,"date":"2011-01-17T16:52:48","date_gmt":"2011-01-17T16:52:48","guid":{"rendered":"http:\/\/www.chorcantico.at\/?page_id=14"},"modified":"2022-09-10T15:40:56","modified_gmt":"2022-09-10T14:40:56","slug":"mitglieder","status":"publish","type":"page","link":"http:\/\/www.chorcantico.at\/?page_id=14","title":{"rendered":"Mitglieder"},"content":{"rendered":"<p style=\"text-align: center;\"><span style=\"color: #c90000;\"><strong>Sopran<\/strong><\/span><\/p>\n<p><a href=\"http:\/\/www.chorcantico.at\/wp-content\/uploads\/2022\/09\/DSC00424-scaled.jpg\"><img loading=\"lazy\" decoding=\"async\" class=\"aligncenter size-medium wp-image-1611\" src=\"http:\/\/www.chorcantico.at\/wp-content\/uploads\/2022\/09\/DSC00424-300x200.jpg\" alt=\"\" width=\"300\" height=\"200\" srcset=\"http:\/\/www.chorcantico.at\/wp-content\/uploads\/2022\/09\/DSC00424-300x200.jpg 300w, http:\/\/www.chorcantico.at\/wp-content\/uploads\/2022\/09\/DSC00424-1024x683.jpg 1024w, http:\/\/www.chorcantico.at\/wp-content\/uploads\/2022\/09\/DSC00424-768x512.jpg 768w, http:\/\/www.chorcantico.at\/wp-content\/uploads\/2022\/09\/DSC00424-1536x1024.jpg 1536w, http:\/\/www.chorcantico.at\/wp-content\/uploads\/2022\/09\/DSC00424-2048x1365.jpg 2048w\" sizes=\"(max-width: 300px) 100vw, 300px\" \/><\/a><\/p>\n<p style=\"text-align: center;\"><span style=\"color: #c90000;\"><strong>Alt<\/strong><\/span><\/p>\n<p><a href=\"http:\/\/www.chorcantico.at\/wp-content\/uploads\/2022\/09\/DSC00488-scaled.jpg\"><img loading=\"lazy\" decoding=\"async\" class=\"aligncenter size-medium wp-image-1614\" src=\"http:\/\/www.chorcantico.at\/wp-content\/uploads\/2022\/09\/DSC00488-300x200.jpg\" alt=\"\" width=\"300\" height=\"200\" srcset=\"http:\/\/www.chorcantico.at\/wp-content\/uploads\/2022\/09\/DSC00488-300x200.jpg 300w, http:\/\/www.chorcantico.at\/wp-content\/uploads\/2022\/09\/DSC00488-1024x683.jpg 1024w, http:\/\/www.chorcantico.at\/wp-content\/uploads\/2022\/09\/DSC00488-768x512.jpg 768w, http:\/\/www.chorcantico.at\/wp-content\/uploads\/2022\/09\/DSC00488-1536x1024.jpg 1536w, http:\/\/www.chorcantico.at\/wp-content\/uploads\/2022\/09\/DSC00488-2048x1365.jpg 2048w\" sizes=\"(max-width: 300px) 100vw, 300px\" \/><\/a><\/p>\n<p style=\"text-align: center;\"><span style=\"color: #c90000;\"><strong>Tenor<\/strong><\/span><\/p>\n<p><a href=\"http:\/\/www.chorcantico.at\/wp-content\/uploads\/2022\/09\/DSC00447-scaled.jpg\"><img loading=\"lazy\" decoding=\"async\" class=\"aligncenter size-medium wp-image-1612\" src=\"http:\/\/www.chorcantico.at\/wp-content\/uploads\/2022\/09\/DSC00447-300x200.jpg\" alt=\"\" width=\"300\" height=\"200\" srcset=\"http:\/\/www.chorcantico.at\/wp-content\/uploads\/2022\/09\/DSC00447-300x200.jpg 300w, http:\/\/www.chorcantico.at\/wp-content\/uploads\/2022\/09\/DSC00447-1024x683.jpg 1024w, http:\/\/www.chorcantico.at\/wp-content\/uploads\/2022\/09\/DSC00447-768x512.jpg 768w, http:\/\/www.chorcantico.at\/wp-content\/uploads\/2022\/09\/DSC00447-1536x1024.jpg 1536w, http:\/\/www.chorcantico.at\/wp-content\/uploads\/2022\/09\/DSC00447-2048x1365.jpg 2048w\" sizes=\"(max-width: 300px) 100vw, 300px\" \/><\/a><\/p>\n<p style=\"text-align: center;\"><span style=\"color: #c90000;\"><strong>Bass&nbsp; (Chorleitung)<a href=\"http:\/\/www.chorcantico.at\/wp-content\/uploads\/2022\/09\/DSC00458-scaled.jpg\"><img loading=\"lazy\" decoding=\"async\" class=\"aligncenter size-medium wp-image-1613\" src=\"http:\/\/www.chorcantico.at\/wp-content\/uploads\/2022\/09\/DSC00458-300x200.jpg\" alt=\"\" width=\"300\" height=\"200\" srcset=\"http:\/\/www.chorcantico.at\/wp-content\/uploads\/2022\/09\/DSC00458-300x200.jpg 300w, http:\/\/www.chorcantico.at\/wp-content\/uploads\/2022\/09\/DSC00458-1024x683.jpg 1024w, http:\/\/www.chorcantico.at\/wp-content\/uploads\/2022\/09\/DSC00458-768x512.jpg 768w, http:\/\/www.chorcantico.at\/wp-content\/uploads\/2022\/09\/DSC00458-1536x1024.jpg 1536w, http:\/\/www.chorcantico.at\/wp-content\/uploads\/2022\/09\/DSC00458-2048x1365.jpg 2048w\" sizes=\"(max-width: 300px) 100vw, 300px\" \/><\/a><\/strong><\/span><\/p>\n<h6 style=\"text-align: center;\">Um die Bilder in voller Gr\u00f6\u00dfe zu sehen, klick bitte auf das gew\u00fcnschte Foto.<\/h6>\n<p>&nbsp;<\/p>\n","protected":false},"excerpt":{"rendered":"<p>Sopran Alt Tenor Bass&nbsp; (Chorleitung) Um die Bilder in voller Gr\u00f6\u00dfe zu sehen, klick bitte auf das gew\u00fcnschte Foto. &nbsp;<\/p>\n","protected":false},"author":1,"featured_media":0,"parent":0,"menu_order":2,"comment_status":"closed","ping_status":"closed","template":"template-full.php","meta":{"ngg_post_thumbnail":0,"footnotes":""},"class_list":["post-14","page","type-page","status-publish","hentry"],"_links":{"self":[{"href":"http:\/\/www.chorcantico.at\/index.php?rest_route=\/wp\/v2\/pages\/14"}],"collection":[{"href":"http:\/\/www.chorcantico.at\/index.php?rest_route=\/wp\/v2\/pages"}],"about":[{"href":"http:\/\/www.chorcantico.at\/index.php?rest_route=\/wp\/v2\/types\/page"}],"author":[{"embeddable":true,"href":"http:\/\/www.chorcantico.at\/index.php?rest_route=\/wp\/v2\/users\/1"}],"replies":[{"embeddable":true,"href":"http:\/\/www.chorcantico.at\/index.php?rest_route=%2Fwp%2Fv2%2Fcomments&post=14"}],"version-history":[{"count":49,"href":"http:\/\/www.chorcantico.at\/index.php?rest_route=\/wp\/v2\/pages\/14\/revisions"}],"predecessor-version":[{"id":1622,"href":"http:\/\/www.chorcantico.at\/index.php?rest_route=\/wp\/v2\/pages\/14\/revisions\/1622"}],"wp:attachment":[{"href":"http:\/\/www.chorcantico.at\/index.php?rest_route=%2Fwp%2Fv2%2Fmedia&parent=14"}],"curies":[{"name":"wp","href":"https:\/\/api.w.org\/{rel}","templated":true}]}}