{"id":2,"date":"2011-01-14T14:09:35","date_gmt":"2011-01-14T14:09:35","guid":{"rendered":""},"modified":"2022-09-10T14:58:20","modified_gmt":"2022-09-10T13:58:20","slug":"eine-seite","status":"publish","type":"page","link":"http:\/\/www.chorcantico.at\/?page_id=2","title":{"rendered":"Wir \u00fcber uns"},"content":{"rendered":"<p style=\"text-align: left;\"><span style=\"color: #333333;\">Der \u201cChor CANTICO\u201d wurde im Jahre 1992 als \u201cJugendchor Kleinfrauenhaid\u201d gegr\u00fcndet.<\/span><br \/>\n<span style=\"color: #333333;\"> Ein paar Sangesbegeisterte wollten bei der Hochzeit ihrer Freunde einen sch\u00f6nen Gottesdienst mit modernen Liedern gestalten.<\/span><br \/>\n<span style=\"color: #333333;\"> Danach nahmen die Dinge ihren Lauf. Aus den S\u00e4nger\/innen dieser Hochzeit entwickelte sich schon bald eine Gruppe, die zu regelm\u00e4\u00dfigen Proben zusammen kam und schlie\u00dflich wurde der \u201eJugendchor Kleinfrauenhaid\u201c gegr\u00fcndet.<\/span><br \/>\n<span style=\"color: #333333;\"> Mit dem Lauf der Zeit wollten sich die S\u00e4ngerinnen und S\u00e4nger einen etwas schwungvolleren und stimmigeren Namen geben.<\/span><br \/>\n<span style=\"color: #333333;\"> Rechtzeitig zum Jubil\u00e4umskonzert des 10-j\u00e4hrigen Chor-Bestehens wurde der neue Chorname \u201eCANTICO\u201c pr\u00e4sentiert.<\/span><\/p>\n<p style=\"text-align: center;\"><span style=\"color: #333333;\"><a style=\"color: #333333;\" href=\"http:\/\/www.chorcantico.at\/wp-content\/uploads\/2011\/01\/LOGO.jpg\"><img loading=\"lazy\" decoding=\"async\" class=\"wp-image-73 aligncenter\" title=\"LOGO\" src=\"http:\/\/www.chorcantico.at\/wp-content\/uploads\/2011\/01\/LOGO-300x163.jpg\" alt=\"\" width=\"221\" height=\"120\"><\/a><\/span><\/p>\n<p style=\"text-align: justify;\"><span style=\"color: #333333;\">Im Jahr 2011 traten wir dem <em><a style=\"color: #333333;\" href=\"https:\/\/saengerbund.wordpress.com\/\">Chorverband Burgenland<\/a><\/em> bei und gr\u00fcndeten den Verein &#8222;Chor Cantico&#8220;.<\/span><\/p>\n<hr>\n<h4><span style=\"color: #c90000;\">Wo wir singen<\/span><\/h4>\n<p style=\"text-align: justify;\"><span style=\"color: #333333;\">Wir singen regelm\u00e4\u00dfig bei<strong> Hochzeiten, Taufen, Gottesdiensten, Privaten Feiern oder sonstigen Anl\u00e4ssen,<\/strong> wie z.B. \u201eLange Nacht der Museen&#8220;, diversen Adventm\u00e4rkten und, und, und\u2026.<\/span><br \/>\n<span style=\"color: #333333;\"> Au\u00dferdem planen wir so gut wie jedes Jahr unsere Lieder auch bei einem Konzert, sei es im Fr\u00fchling, Sommer, Herbst oder Winter, aufzuf\u00fchren.<\/span><\/p>\n<hr>\n<h4><span style=\"color: #c90000;\">Wann wir singen<\/span><\/h4>\n<p><span style=\"color: #333333;\">\u00dcbung macht den Meister\u2026..<\/span><br \/>\n<span style=\"color: #333333;\"> \u2026..daher proben wir einmal in der Woche f\u00fcr ca. 2,5 Stunden.<\/span><br \/>\n<span style=\"color: #333333;\"> Wenn gr\u00f6\u00dfere Veranstaltungen n\u00e4her r\u00fccken, stehen nat\u00fcrlich mehr Proben an.<\/span><br \/>\n<span style=\"color: #333333;\"> Es ist ja noch selten ein Meister vom Himmel gefallen!<\/span><\/p>\n<p><span style=\"color: #333333;\">Wir sind zurzeit <em><a style=\"color: #333333;\" href=\"http:\/\/www.chorcantico.at\/?page_id=14\">10 S\u00e4ngerinnen und S\u00e4nger<\/a><\/em>, jedoch w\u00fcrden wir uns sehr \u00fcber den einen oder anderen Neuzugang freuen. <\/span><\/p>\n<p><span style=\"color: #333333;\">Du singst genauso gerne wie wir und denkst du hast die Ausdauer f\u00fcr w\u00f6chentliche Proben? Schreib uns eine Email (chor.cantico@gmx.at), kontaktiere uns auf <em><a style=\"color: #333333;\" href=\"https:\/\/www.facebook.com\/Chor-Cantico-154071807992775\/?rc=p\">Facebook<\/a><\/em> oder <em><a style=\"color: #333333;\" href=\"http:\/\/0043 664 57 54 917\">ruf uns einfach an<\/a>.<\/em><\/span><\/p>\n<hr>\n<h4><span style=\"color: #c90000;\">Wie wir uns weiterbilden<\/span><\/h4>\n<p><span style=\"color: #333333;\">Einmal im Jahr schlagen wir die Zelte f\u00fcr 3 Tage bei einem <em><a style=\"color: #333333;\" href=\"http:\/\/www.chorcantico.at\/?cat=5\">Chorseminar<\/a><\/em> mit einem externen Chorleiter oder Gesangsp\u00e4dagogen auf. Diese Tage nutzen wir entweder, um neues Liedgut einzustudieren und\/oder unser wichtigstes Instrument, n\u00e4mlich unsere Stimme, technisch weiter zu entwickeln und somit auch den Chorklang zu verbessern.<\/span><\/p>\n<p>&nbsp;<\/p>\n","protected":false},"excerpt":{"rendered":"<p>Der \u201cChor CANTICO\u201d wurde im Jahre 1992 als \u201cJugendchor Kleinfrauenhaid\u201d gegr\u00fcndet. Ein paar Sangesbegeisterte wollten bei der Hochzeit ihrer Freunde einen sch\u00f6nen Gottesdienst mit modernen Liedern gestalten. Danach nahmen die [&hellip;]<\/p>\n","protected":false},"author":1,"featured_media":0,"parent":0,"menu_order":0,"comment_status":"closed","ping_status":"closed","template":"","meta":{"ngg_post_thumbnail":0,"footnotes":""},"class_list":["post-2","page","type-page","status-publish","hentry"],"_links":{"self":[{"href":"http:\/\/www.chorcantico.at\/index.php?rest_route=\/wp\/v2\/pages\/2"}],"collection":[{"href":"http:\/\/www.chorcantico.at\/index.php?rest_route=\/wp\/v2\/pages"}],"about":[{"href":"http:\/\/www.chorcantico.at\/index.php?rest_route=\/wp\/v2\/types\/page"}],"author":[{"embeddable":true,"href":"http:\/\/www.chorcantico.at\/index.php?rest_route=\/wp\/v2\/users\/1"}],"replies":[{"embeddable":true,"href":"http:\/\/www.chorcantico.at\/index.php?rest_route=%2Fwp%2Fv2%2Fcomments&post=2"}],"version-history":[{"count":37,"href":"http:\/\/www.chorcantico.at\/index.php?rest_route=\/wp\/v2\/pages\/2\/revisions"}],"predecessor-version":[{"id":1607,"href":"http:\/\/www.chorcantico.at\/index.php?rest_route=\/wp\/v2\/pages\/2\/revisions\/1607"}],"wp:attachment":[{"href":"http:\/\/www.chorcantico.at\/index.php?rest_route=%2Fwp%2Fv2%2Fmedia&parent=2"}],"curies":[{"name":"wp","href":"https:\/\/api.w.org\/{rel}","templated":true}]}}