{"id":45,"date":"2011-01-17T17:09:51","date_gmt":"2011-01-17T17:09:51","guid":{"rendered":"http:\/\/www.chorcantico.at\/?page_id=45"},"modified":"2022-09-10T15:35:56","modified_gmt":"2022-09-10T14:35:56","slug":"repertoire","status":"publish","type":"page","link":"http:\/\/www.chorcantico.at\/?page_id=45","title":{"rendered":"Repertoire"},"content":{"rendered":"<h5 style=\"text-align: left;\"><span style=\"color: #333333;\"><strong>Von Musikst\u00fccken aus l\u00e4ngst vergangenen Zeiten bis hin zu zeitgen\u00f6ssischen Werken<br \/>\n<\/strong><strong>aus den unterschiedlichsten L\u00e4ndern der Welt, ist alles in unserem Repertoire vorhanden.<br \/>\n<\/strong><strong>Daher kann man uns auch nicht in eine &#8222;Schublade&#8220; stecken&nbsp;und wir hoffen,&nbsp;<\/strong><strong>dass f\u00fcr jede\/n etwas dabei ist.<\/strong><\/span><\/h5>\n<p><a href=\"http:\/\/www.chorcantico.at\/wp-content\/uploads\/2022\/09\/DSC00542_01-scaled.jpg\"><img loading=\"lazy\" decoding=\"async\" class=\" wp-image-1617 alignleft\" src=\"http:\/\/www.chorcantico.at\/wp-content\/uploads\/2022\/09\/DSC00542_01-300x235.jpg\" alt=\"\" width=\"396\" height=\"310\" srcset=\"http:\/\/www.chorcantico.at\/wp-content\/uploads\/2022\/09\/DSC00542_01-300x235.jpg 300w, http:\/\/www.chorcantico.at\/wp-content\/uploads\/2022\/09\/DSC00542_01-1024x804.jpg 1024w, http:\/\/www.chorcantico.at\/wp-content\/uploads\/2022\/09\/DSC00542_01-768x603.jpg 768w, http:\/\/www.chorcantico.at\/wp-content\/uploads\/2022\/09\/DSC00542_01-1536x1205.jpg 1536w, http:\/\/www.chorcantico.at\/wp-content\/uploads\/2022\/09\/DSC00542_01-2048x1607.jpg 2048w\" sizes=\"(max-width: 396px) 100vw, 396px\" \/><\/a><\/p>\n<h4 style=\"text-align: center;\"><span style=\"color: #db0000;\">Pop\/Rock<\/span><\/h4>\n<h4 style=\"text-align: center; padding-left: 240px;\"><span style=\"color: #db0000;\">Musical<\/span><\/h4>\n<h4 style=\"text-align: center;\"><span style=\"color: #db0000;\">Gospel<\/span><\/h4>\n<h4 style=\"text-align: center;\"><span style=\"color: #db0000;\">Spirituals<\/span><\/h4>\n<h4 style=\"text-align: center;\"><span style=\"color: #db0000;\">Klassik<\/span><\/h4>\n<h4 style=\"text-align: center; padding-left: 240px;\"><span style=\"color: #db0000;\">African<\/span><\/h4>\n<p>&nbsp;<\/p>\n<h6><span style=\"color: #333333;\">Hier ein kleiner Auszug aus unserem breitgef\u00e4cherten Repertoire.<br \/>\nAuf Wunsch studieren wir auch gerne individuelle Songs ein, die wir noch nicht kennen.<br \/>\nAm besten einfach fragen.&nbsp;<\/span><\/h6>\n<p style=\"text-align: center;\"><span style=\"color: #333333;\"><div id=\"tfsl-wrapper\">\n<table id=\"tf-song-list\">\n<thead>\n<tr><td class=\"col1\">Titel<\/td><td class=\"col2\">Interpret<\/td><tr>\n<\/thead>\n<tbody id=\"tfsl-the-list\">\n<tr class=\"new-first-letter\" id=\"$order\"><td class=\"col1\">Agnello Di Dio<\/td><td class=\"col2\">Gen Verde - Gen Rosso<\/td><\/tr>\n<tr id=\"$order\"><td class=\"col1\">All of me<\/td><td class=\"col2\">John Legend<\/td><\/tr>\n<tr id=\"$order\"><td class=\"col1\">An deiner Seite<\/td><td class=\"col2\">Sunny Dale<\/td><\/tr>\n<tr id=\"$order\"><td class=\"col1\">Angel<\/td><td class=\"col2\">Sarah McLachlan<\/td><\/tr>\n<tr id=\"$order\"><td class=\"col1\">Auf uns<\/td><td class=\"col2\">Andreas Bourani<\/td><\/tr>\n<tr id=\"$order\"><td class=\"col1\">Ave Maria<\/td><td class=\"col2\">Franz Schubert<\/td><\/tr>\n<tr id=\"$order\"><td class=\"col1\">Ave Maria<\/td><td class=\"col2\">Jacques Arcadelt<\/td><\/tr>\n<tr id=\"$order\"><td class=\"col1\">Ave Maria<\/td><td class=\"col2\">Johann Sebastian Bach<\/td><\/tr>\n<tr id=\"$order\"><td class=\"col1\">Ave Verum Corpus<\/td><td class=\"col2\">Karl Jenkins<\/td><\/tr>\n<tr class=\"new-first-letter\" id=\"$order\"><td class=\"col1\">Be with me<\/td><td class=\"col2\">Tim Knight<\/td><\/tr>\n<tr id=\"$order\"><td class=\"col1\">Bleamal am Roa<\/td><td class=\"col2\">Wolfgang Lentsch<\/td><\/tr>\n<tr id=\"$order\"><td class=\"col1\">Bridge over troubled water<\/td><td class=\"col2\">Paul Simon<\/td><\/tr>\n<tr class=\"new-first-letter\" id=\"$order\"><td class=\"col1\">Cantique de Jean Racine<\/td><td class=\"col2\">Gabriel Faure<\/td><\/tr>\n<tr id=\"$order\"><td class=\"col1\">Come to the feast<\/td><td class=\"col2\">James E. Moore<\/td><\/tr>\n<tr class=\"new-first-letter\" id=\"$order\"><td class=\"col1\">Der Herr segne Dich<\/td><td class=\"col2\">Unbekannt<\/td><\/tr>\n<tr id=\"$order\"><td class=\"col1\">Die G&uuml;te des Herrn<\/td><td class=\"col2\">Edith McNeill<\/td><\/tr>\n<tr id=\"$order\"><td class=\"col1\">Du bist du<\/td><td class=\"col2\">Tauflied<\/td><\/tr>\n<tr class=\"new-first-letter\" id=\"$order\"><td class=\"col1\">From this moment on<\/td><td class=\"col2\">Shania Twain<\/td><\/tr>\n<tr class=\"new-first-letter\" id=\"$order\"><td class=\"col1\">Here I Am to Worship<\/td><td class=\"col2\">Lloyd Larson<\/td><\/tr>\n<tr id=\"$order\"><td class=\"col1\">Honey, Honey<\/td><td class=\"col2\">Benny Andersson, Bjorn Ulvaeus<\/td><\/tr>\n<tr class=\"new-first-letter\" id=\"$order\"><td class=\"col1\">I Want To Thank You, Lord<\/td><td class=\"col2\">Moses Hogan<\/td><\/tr>\n<tr id=\"$order\"><td class=\"col1\">Ich liebe dich<\/td><td class=\"col2\">Ludwig van Beethoven<\/td><\/tr>\n<tr id=\"$order\"><td class=\"col1\">Ich will dich segnen<\/td><td class=\"col2\">Rainer Haak, Siegfried Fierz<\/td><\/tr>\n<tr id=\"$order\"><td class=\"col1\">Ich w&uuml;nsche dir Frieden<\/td><td class=\"col2\">Clemens M&uuml;ller<\/td><\/tr>\n<tr id=\"$order\"><td class=\"col1\">In Remembrance<\/td><td class=\"col2\">Unbekannt<\/td><\/tr>\n<tr id=\"$order\"><td class=\"col1\">Inzima Lendlela<\/td><td class=\"col2\">Trad. Zulu<\/td><\/tr>\n<tr id=\"$order\"><td class=\"col1\">Irgendwo auf der Welt<\/td><td class=\"col2\">Comedian Harmonists<\/td><\/tr>\n<tr class=\"new-first-letter\" id=\"$order\"><td class=\"col1\">La Mia Parola Non Passera&#039;<\/td><td class=\"col2\">Unbekannt<\/td><\/tr>\n<tr id=\"$order\"><td class=\"col1\">Lay all your Love on Me<\/td><td class=\"col2\">Benny Andersson, Bjorn Ulvaeus<\/td><\/tr>\n<tr id=\"$order\"><td class=\"col1\">Let it go<\/td><td class=\"col2\">Pentatonix<\/td><\/tr>\n<tr id=\"$order\"><td class=\"col1\">Let us go in peace<\/td><td class=\"col2\">John Rutter<\/td><\/tr>\n<tr id=\"$order\"><td class=\"col1\">Light the Fire Again<\/td><td class=\"col2\">Brian Doerksen<\/td><\/tr>\n<tr id=\"$order\"><td class=\"col1\">Locus iste<\/td><td class=\"col2\">Anton Bruckner<\/td><\/tr>\n<tr id=\"$order\"><td class=\"col1\">Love Endures<\/td><td class=\"col2\">James Moore<\/td><\/tr>\n<tr class=\"new-first-letter\" id=\"$order\"><td class=\"col1\">Madre Di Misericordia<\/td><td class=\"col2\">M.T. Henderson, J. Belamide<\/td><\/tr>\n<tr id=\"$order\"><td class=\"col1\">Mein kleiner gr&uuml;ner Kaktus<\/td><td class=\"col2\">Bert Reisfeld, Albrecht Marcuse<\/td><\/tr>\n<tr id=\"$order\"><td class=\"col1\">Meine Seele ist Stille in dir<\/td><td class=\"col2\">Klaus Heizmann<\/td><\/tr>\n<tr id=\"$order\"><td class=\"col1\">Missa Festiva<\/td><td class=\"col2\">John Leavitt<\/td><\/tr>\n<tr class=\"new-first-letter\" id=\"$order\"><td class=\"col1\">Nimm, o Herr die Gaben, die wir bringen<\/td><td class=\"col2\">Andrew L. Webber<\/td><\/tr>\n<tr class=\"new-first-letter\" id=\"$order\"><td class=\"col1\">Oh Happy Day<\/td><td class=\"col2\">Edwin R. Hawkins<\/td><\/tr>\n<tr class=\"new-first-letter\" id=\"$order\"><td class=\"col1\">Pange lingua<\/td><td class=\"col2\">Anton Bruckner<\/td><\/tr>\n<tr id=\"$order\"><td class=\"col1\">People Get Ready<\/td><td class=\"col2\">Curtis Mayfield<\/td><\/tr>\n<tr class=\"new-first-letter\" id=\"$order\"><td class=\"col1\">Ruft zu dem Herrn<\/td><td class=\"col2\">Darlene Zschech<\/td><\/tr>\n<tr id=\"$order\"><td class=\"col1\">Run To You<\/td><td class=\"col2\">Pentatonix<\/td><\/tr>\n<tr class=\"new-first-letter\" id=\"$order\"><td class=\"col1\">Schwarze Madonna<\/td><td class=\"col2\">Unbekannt<\/td><\/tr>\n<tr id=\"$order\"><td class=\"col1\">Signore Pieta<\/td><td class=\"col2\">Unbekannt<\/td><\/tr>\n<tr id=\"$order\"><td class=\"col1\">Sing to the Lord a new Song<\/td><td class=\"col2\">E. Sherwin Mackintosh<\/td><\/tr>\n<tr id=\"$order\"><td class=\"col1\">St&auml;ndchen<\/td><td class=\"col2\">Wise Guys<\/td><\/tr>\n<tr id=\"$order\"><td class=\"col1\">S&#039;is Feieromd<\/td><td class=\"col2\">Peter G&uuml;nther<\/td><\/tr>\n<tr class=\"new-first-letter\" id=\"$order\"><td class=\"col1\">The Best<\/td><td class=\"col2\">Tina Turner<\/td><\/tr>\n<tr id=\"$order\"><td class=\"col1\">This is the Day<\/td><td class=\"col2\">John Rutter<\/td><\/tr>\n<tr id=\"$order\"><td class=\"col1\">Thriller<\/td><td class=\"col2\">Michael Jackson<\/td><\/tr>\n<tr id=\"$order\"><td class=\"col1\">Time to leave<\/td><td class=\"col2\">Franz M. Herzog<\/td><\/tr>\n<tr class=\"new-first-letter\" id=\"$order\"><td class=\"col1\">Voll Vertrauen<\/td><td class=\"col2\">Hans Waltersdorfer<\/td><\/tr>\n<tr class=\"new-first-letter\" id=\"$order\"><td class=\"col1\">Waiting for the Lord<\/td><td class=\"col2\">Lorenz Maierhofer<\/td><\/tr>\n<tr id=\"$order\"><td class=\"col1\">Weilst a Herz host wia a Bergwerk<\/td><td class=\"col2\">Reinhard Fendrich<\/td><\/tr>\n<tr id=\"$order\"><td class=\"col1\">Weit, weit weg<\/td><td class=\"col2\">Hubert von Goisern<\/td><\/tr>\n<tr id=\"$order\"><td class=\"col1\">What a Wonderful World<\/td><td class=\"col2\">Mark Brymer<\/td><\/tr>\n<tr id=\"$order\"><td class=\"col1\">Wie kann es sein<\/td><td class=\"col2\">Wise Guys<\/td><\/tr>\n<tr class=\"new-first-letter\" id=\"$order\"><td class=\"col1\">You Are the Light<\/td><td class=\"col2\">Tore W. Aas<\/td><\/tr>\n<tr id=\"$order\"><td class=\"col1\">You Raise me up<\/td><td class=\"col2\">Josh Groban<\/td><\/tr>\n<\/tbody><!-- #tfsl-the-list -->\n<\/table><!-- #tf-song-list -->\n<\/div><!-- #tfsl-wrapper --><\/span><\/p>\n","protected":false},"excerpt":{"rendered":"<p>Von Musikst\u00fccken aus l\u00e4ngst vergangenen Zeiten bis hin zu zeitgen\u00f6ssischen Werken aus den unterschiedlichsten L\u00e4ndern der Welt, ist alles in unserem Repertoire vorhanden. Daher kann man uns auch nicht in [&hellip;]<\/p>\n","protected":false},"author":1,"featured_media":0,"parent":0,"menu_order":4,"comment_status":"closed","ping_status":"closed","template":"template-full.php","meta":{"ngg_post_thumbnail":0,"footnotes":""},"class_list":["post-45","page","type-page","status-publish","hentry"],"_links":{"self":[{"href":"http:\/\/www.chorcantico.at\/index.php?rest_route=\/wp\/v2\/pages\/45"}],"collection":[{"href":"http:\/\/www.chorcantico.at\/index.php?rest_route=\/wp\/v2\/pages"}],"about":[{"href":"http:\/\/www.chorcantico.at\/index.php?rest_route=\/wp\/v2\/types\/page"}],"author":[{"embeddable":true,"href":"http:\/\/www.chorcantico.at\/index.php?rest_route=\/wp\/v2\/users\/1"}],"replies":[{"embeddable":true,"href":"http:\/\/www.chorcantico.at\/index.php?rest_route=%2Fwp%2Fv2%2Fcomments&post=45"}],"version-history":[{"count":38,"href":"http:\/\/www.chorcantico.at\/index.php?rest_route=\/wp\/v2\/pages\/45\/revisions"}],"predecessor-version":[{"id":1619,"href":"http:\/\/www.chorcantico.at\/index.php?rest_route=\/wp\/v2\/pages\/45\/revisions\/1619"}],"wp:attachment":[{"href":"http:\/\/www.chorcantico.at\/index.php?rest_route=%2Fwp%2Fv2%2Fmedia&parent=45"}],"curies":[{"name":"wp","href":"https:\/\/api.w.org\/{rel}","templated":true}]}}