{"id":48,"date":"2011-01-17T17:13:28","date_gmt":"2011-01-17T17:13:28","guid":{"rendered":"http:\/\/www.chorcantico.at\/?page_id=48"},"modified":"2018-03-19T16:32:09","modified_gmt":"2018-03-19T15:32:09","slug":"horproben","status":"publish","type":"page","link":"http:\/\/www.chorcantico.at\/?page_id=48","title":{"rendered":"H\u00f6rproben"},"content":{"rendered":"<h4><span style=\"color: #333333;\"><strong>Hier findet ihr ein paar kurze H\u00f6rproben, um einen kleinen \u00dcberblick<br \/>\n\u00fcber unser Repertoire zu bekommen.<\/strong><\/span><\/h4>\n<h5><span style=\"color: #333333;\">Diese Live-Videos wurden beim letzten Adventkonzert im Jahr 2016 mitgefilmt.<\/span><\/h5>\n<p style=\"text-align: left;\"><span style=\"color: #333333;\">\t<div class=\"mpp-container mpp-shortcode-wrapper mpp-shortcode-media-list-wrapper\">\n\t\t<div class=\"mpp-g mpp-item-list mpp-media-list mpp-shortcode-item-list mpp-shortcode-list-media mpp-shortcode-list-media-video \">\n\n\t\t\t\t\t\t\t\t\t\t\t<div class=\"mpp-item mpp-media mpp-media-video mpp-shortcode-item mpp-shortcode-video-item mpp-u-6-24\" data-mpp-type=\"video\">\n\t\t\t\t\t\n\t\t\t\t\t<div class=\"mpp-item-meta mpp-media-meta mpp-media-shortcode-item-meta mpp-media-meta-top mpp-media-shortcode-item-meta-top\">\n\t\t\t\t\t\t\t\t\t\t\t<\/div>\n\n\t\t\t\t\t\t\t\t\t\t<div class='mpp-item-entry mpp-media-entry mpp-audio-entry'>\n\n\t\t\t\t\t<\/div>\n\n\t\t\t\t\t<div class=\"mpp-item-content mpp-video-content mpp-video-player\">\n\t\t\t\t\t\t\t\t\t\t\t\t\t<div style=\"width: 320px;\" class=\"wp-video\"><!--[if lt IE 9]><script>document.createElement('video');<\/script><![endif]-->\n<video class=\"wp-video-shortcode\" id=\"video-1159-1\" width=\"320\" height=\"180\" poster=\"http:\/\/www.chorcantico.at\/wp-content\/plugins\/mediapress\/templates\/mediapress\/default\/assets\/images\/video-thumbnail.png\" preload=\"metadata\" controls=\"controls\"><source type=\"video\/mp4\" src=\"http:\/\/www.chorcantico.at\/wp-content\/uploads\/mediapress\/sitewide\/1\/936\/Sing-a-Joyful-Song.mp4?_=1\" \/><a href=\"http:\/\/www.chorcantico.at\/wp-content\/uploads\/mediapress\/sitewide\/1\/936\/Sing-a-Joyful-Song.mp4\">http:\/\/www.chorcantico.at\/wp-content\/uploads\/mediapress\/sitewide\/1\/936\/Sing-a-Joyful-Song.mp4<\/a><\/video><\/div>\t\t\t\t\t\t\t\t\t\t\t<\/div>\n\n\t\t\t\t\t<a href=\"http:\/\/www.chorcantico.at\/?mpp-gallery=hoerproben\/media\/sing-a-joyful-song\/\"\n\t\t\t\t\t\tclass = 'mpp-item-title mpp-media-title mpp-video-title' title = 'Sing a Joyful Song' data-mpp-context = 'shortcode' data-mpp-media-id = '1159'  data-mpp-type=\"video\" >\n\t\t\t\t\t\tSing a Joyful Song\t\t\t\t\t<\/a>\n\t\t\t\t\t\n\t\t\t\t\t<div\n\t\t\t\t\t\tclass=\"mpp-type-icon\"><\/div>\n\n\t\t\t\t\t<div\n\t\t\t\t\t\tclass=\"mpp-item-meta mpp-media-meta mpp-media-shortcode-item-meta mpp-media-meta-bottom mpp-media-shortcode-item-meta-bottom\">\n\t\t\t\t\t\t\t\t\t\t\t<\/div>\n\n\t\t\t\t\t\n\t\t\t\t<\/div>\n\n\t\t\t\t\t\t\t\t\t\t\t<div class=\"mpp-item mpp-media mpp-media-video mpp-shortcode-item mpp-shortcode-video-item mpp-u-6-24\" data-mpp-type=\"video\">\n\t\t\t\t\t\n\t\t\t\t\t<div class=\"mpp-item-meta mpp-media-meta mpp-media-shortcode-item-meta mpp-media-meta-top mpp-media-shortcode-item-meta-top\">\n\t\t\t\t\t\t\t\t\t\t\t<\/div>\n\n\t\t\t\t\t\t\t\t\t\t<div class='mpp-item-entry mpp-media-entry mpp-audio-entry'>\n\n\t\t\t\t\t<\/div>\n\n\t\t\t\t\t<div class=\"mpp-item-content mpp-video-content mpp-video-player\">\n\t\t\t\t\t\t\t\t\t\t\t\t\t<div style=\"width: 320px;\" class=\"wp-video\"><video class=\"wp-video-shortcode\" id=\"video-1158-2\" width=\"320\" height=\"180\" poster=\"http:\/\/www.chorcantico.at\/wp-content\/plugins\/mediapress\/templates\/mediapress\/default\/assets\/images\/video-thumbnail.png\" preload=\"metadata\" controls=\"controls\"><source type=\"video\/mp4\" src=\"http:\/\/www.chorcantico.at\/wp-content\/uploads\/mediapress\/sitewide\/1\/936\/Jul-jul-stralande-jul.mp4?_=2\" \/><a href=\"http:\/\/www.chorcantico.at\/wp-content\/uploads\/mediapress\/sitewide\/1\/936\/Jul-jul-stralande-jul.mp4\">http:\/\/www.chorcantico.at\/wp-content\/uploads\/mediapress\/sitewide\/1\/936\/Jul-jul-stralande-jul.mp4<\/a><\/video><\/div>\t\t\t\t\t\t\t\t\t\t\t<\/div>\n\n\t\t\t\t\t<a href=\"http:\/\/www.chorcantico.at\/?mpp-gallery=hoerproben\/media\/jul-jul-stralande-jul\/\"\n\t\t\t\t\t\tclass = 'mpp-item-title mpp-media-title mpp-video-title' title = 'Jul, jul, stralande jul' data-mpp-context = 'shortcode' data-mpp-media-id = '1158'  data-mpp-type=\"video\" >\n\t\t\t\t\t\tJul, jul, stralande jul\t\t\t\t\t<\/a>\n\t\t\t\t\t\n\t\t\t\t\t<div\n\t\t\t\t\t\tclass=\"mpp-type-icon\"><\/div>\n\n\t\t\t\t\t<div\n\t\t\t\t\t\tclass=\"mpp-item-meta mpp-media-meta mpp-media-shortcode-item-meta mpp-media-meta-bottom mpp-media-shortcode-item-meta-bottom\">\n\t\t\t\t\t\t\t\t\t\t\t<\/div>\n\n\t\t\t\t\t\n\t\t\t\t<\/div>\n\n\t\t\t\t\t\t\t\t\t\t\t<div class=\"mpp-item mpp-media mpp-media-video mpp-shortcode-item mpp-shortcode-video-item mpp-u-6-24\" data-mpp-type=\"video\">\n\t\t\t\t\t\n\t\t\t\t\t<div class=\"mpp-item-meta mpp-media-meta mpp-media-shortcode-item-meta mpp-media-meta-top mpp-media-shortcode-item-meta-top\">\n\t\t\t\t\t\t\t\t\t\t\t<\/div>\n\n\t\t\t\t\t\t\t\t\t\t<div class='mpp-item-entry mpp-media-entry mpp-audio-entry'>\n\n\t\t\t\t\t<\/div>\n\n\t\t\t\t\t<div class=\"mpp-item-content mpp-video-content mpp-video-player\">\n\t\t\t\t\t\t\t\t\t\t\t\t\t<div style=\"width: 320px;\" class=\"wp-video\"><video class=\"wp-video-shortcode\" id=\"video-1157-3\" width=\"320\" height=\"180\" poster=\"http:\/\/www.chorcantico.at\/wp-content\/plugins\/mediapress\/templates\/mediapress\/default\/assets\/images\/video-thumbnail.png\" preload=\"metadata\" controls=\"controls\"><source type=\"video\/mp4\" src=\"http:\/\/www.chorcantico.at\/wp-content\/uploads\/mediapress\/sitewide\/1\/936\/Adventjodler.mp4?_=3\" \/><a href=\"http:\/\/www.chorcantico.at\/wp-content\/uploads\/mediapress\/sitewide\/1\/936\/Adventjodler.mp4\">http:\/\/www.chorcantico.at\/wp-content\/uploads\/mediapress\/sitewide\/1\/936\/Adventjodler.mp4<\/a><\/video><\/div>\t\t\t\t\t\t\t\t\t\t\t<\/div>\n\n\t\t\t\t\t<a href=\"http:\/\/www.chorcantico.at\/?mpp-gallery=hoerproben\/media\/adventjodler\/\"\n\t\t\t\t\t\tclass = 'mpp-item-title mpp-media-title mpp-video-title' title = 'Andachtsjodler' data-mpp-context = 'shortcode' data-mpp-media-id = '1157'  data-mpp-type=\"video\" >\n\t\t\t\t\t\tAndachtsjodler\t\t\t\t\t<\/a>\n\t\t\t\t\t\n\t\t\t\t\t<div\n\t\t\t\t\t\tclass=\"mpp-type-icon\"><\/div>\n\n\t\t\t\t\t<div\n\t\t\t\t\t\tclass=\"mpp-item-meta mpp-media-meta mpp-media-shortcode-item-meta mpp-media-meta-bottom mpp-media-shortcode-item-meta-bottom\">\n\t\t\t\t\t\t\t\t\t\t\t<\/div>\n\n\t\t\t\t\t\n\t\t\t\t<\/div>\n\n\t\t\t\t\t\t\t\t\t\t\t<div class=\"mpp-item mpp-media mpp-media-video mpp-shortcode-item mpp-shortcode-video-item mpp-u-6-24\" data-mpp-type=\"video\">\n\t\t\t\t\t\n\t\t\t\t\t<div class=\"mpp-item-meta mpp-media-meta mpp-media-shortcode-item-meta mpp-media-meta-top mpp-media-shortcode-item-meta-top\">\n\t\t\t\t\t\t\t\t\t\t\t<\/div>\n\n\t\t\t\t\t\t\t\t\t\t<div class='mpp-item-entry mpp-media-entry mpp-audio-entry'>\n\n\t\t\t\t\t<\/div>\n\n\t\t\t\t\t<div class=\"mpp-item-content mpp-video-content mpp-video-player\">\n\t\t\t\t\t\t\t\t\t\t\t\t\t<div style=\"width: 320px;\" class=\"wp-video\"><video class=\"wp-video-shortcode\" id=\"video-937-4\" width=\"320\" height=\"180\" poster=\"http:\/\/www.chorcantico.at\/wp-content\/plugins\/mediapress\/templates\/mediapress\/default\/assets\/images\/video-thumbnail.png\" preload=\"metadata\" controls=\"controls\"><source type=\"video\/mp4\" src=\"http:\/\/www.chorcantico.at\/wp-content\/uploads\/mediapress\/sitewide\/1\/936\/Werst-mei-Liacht-ume-sein.mp4?_=4\" \/><a href=\"http:\/\/www.chorcantico.at\/wp-content\/uploads\/mediapress\/sitewide\/1\/936\/Werst-mei-Liacht-ume-sein.mp4\">http:\/\/www.chorcantico.at\/wp-content\/uploads\/mediapress\/sitewide\/1\/936\/Werst-mei-Liacht-ume-sein.mp4<\/a><\/video><\/div>\t\t\t\t\t\t\t\t\t\t\t<\/div>\n\n\t\t\t\t\t<a href=\"http:\/\/www.chorcantico.at\/?mpp-gallery=hoerproben\/media\/werst-mei-liacht-ume-sein\/\"\n\t\t\t\t\t\tclass = 'mpp-item-title mpp-media-title mpp-video-title' title = 'Werst mei Liacht ume sein' data-mpp-context = 'shortcode' data-mpp-media-id = '937'  data-mpp-type=\"video\" >\n\t\t\t\t\t\tWerst mei Liacht ume sein\t\t\t\t\t<\/a>\n\t\t\t\t\t\n\t\t\t\t\t<div\n\t\t\t\t\t\tclass=\"mpp-type-icon\"><\/div>\n\n\t\t\t\t\t<div\n\t\t\t\t\t\tclass=\"mpp-item-meta mpp-media-meta mpp-media-shortcode-item-meta mpp-media-meta-bottom mpp-media-shortcode-item-meta-bottom\">\n\t\t\t\t\t\t\t\t\t\t\t<\/div>\n\n\t\t\t\t\t\n\t\t\t\t<\/div>\n\n\t\t\t\t\t\t\t\t<\/div>\n\n\t\t\t\t\t<div class=\"mpp-paginator\">\n\t\t\t\t\t\t\t<\/div>\n\t\t\n\t<\/div>\n\n<strong><br \/>\n<\/strong><\/span><\/p>\n<h5><span style=\"color: #333333;\">Diese Aufnahmen sind von unserer ersten eigenen CD &#8222;Ge-H\u00f6rt&#8220;,<br \/>\nwelche 2013 pr\u00e4sentiert wurde.<\/span><\/h5>\n<p style=\"text-align: left;\"><a href=\"http:\/\/www.chorcantico.at\/wp-content\/uploads\/mediapress\/sitewide\/1\/1192\/Breath-of-Heaven.mp3\">Breath of Heaven<\/a>&nbsp;<\/p>\n<p><a href=\"http:\/\/www.chorcantico.at\/wp-content\/uploads\/2018\/02\/In-Remembrance.mp3\">In Remembrance<\/a><\/p>\n<p><a href=\"http:\/\/www.chorcantico.at\/wp-content\/uploads\/2018\/02\/Inzima-Lendlela.mp3\">Inzima Lendlela<\/a>&nbsp; &nbsp; &nbsp; &nbsp; &nbsp; &nbsp; &nbsp; &nbsp; &nbsp; &nbsp; &nbsp; &nbsp; &nbsp; &nbsp; &nbsp; &nbsp; &nbsp; &nbsp; &nbsp; &nbsp; &nbsp; &nbsp; &nbsp; &nbsp; &nbsp; &nbsp; &nbsp;&nbsp;<\/p>\n<h5><img loading=\"lazy\" decoding=\"async\" class=\" wp-image-213 alignright\" src=\"http:\/\/www.chorcantico.at\/wp-content\/uploads\/2011\/01\/MG_4986-199x300.jpg\" alt=\"\" width=\"268\" height=\"404\"><\/h5>\n<p style=\"text-align: left;\"><a href=\"http:\/\/www.chorcantico.at\/wp-content\/uploads\/2018\/02\/Mein-kleiner-gr\u00fcner-Kaktus.mp3\">Mein kleiner gr\u00fcner Kaktus<\/a><\/p>\n<p><a href=\"http:\/\/www.chorcantico.at\/wp-content\/uploads\/2018\/02\/Weit-weit-weg.mp3\">Weit, weit weg<\/a><\/p>\n<h5><span style=\"color: #333333;\">Livemitschnitte der Messgestaltung in Jennersdorf<br \/>\n(14.05.2011 19.00 Uhr) anl\u00e4sslich unseres Chorausflugs.<\/span><\/h5>\n<p style=\"text-align: left;\"><span style=\"color: #c90000;\"><a style=\"color: #c90000;\" href=\"http:\/\/www.chorcantico.at\/wp-content\/uploads\/2011\/01\/01-Wir-sind-hier-zusammen.mp3\">Wir sind hier zusammen<\/a><\/span><\/p>\n<p style=\"text-align: left;\"><span style=\"color: #c90000;\"><a style=\"color: #c90000;\" href=\"http:\/\/www.chorcantico.at\/wp-content\/uploads\/2011\/01\/05-Alleluia.mp3\">Alleluia<\/a><\/span><span style=\"color: #c90000;\">&nbsp;<\/span><\/p>\n<h5 style=\"text-align: left;\"><span style=\"color: #333333;\">Die folgenden H\u00f6rbeispiele sind Livemitschnitte<\/span><br \/>\n<span style=\"color: #333333;\"> des Openair- Konzerts im September 2010.<\/span><\/h5>\n<p style=\"text-align: left;\"><span style=\"color: #c90000;\"><a style=\"color: #c90000;\" href=\"http:\/\/www.chorcantico.at\/wp-content\/uploads\/2011\/01\/Honey-Honey.mp3\">Honey Honey<\/a><\/span><\/p>\n<p style=\"text-align: left;\"><span style=\"color: #c90000;\"><a style=\"color: #c90000;\" href=\"http:\/\/www.chorcantico.at\/wp-content\/uploads\/2011\/01\/Mama-Mia.mp3\">Mamma Mia<\/a><\/span><\/p>\n<p style=\"text-align: left;\"><span style=\"color: #c90000;\">&nbsp;<\/span><\/p>\n<p style=\"text-align: left;\"><span style=\"color: #333333;\"><br \/>\n<\/span><\/p>\n<p style=\"text-align: left;\">&nbsp;<\/p>\n","protected":false},"excerpt":{"rendered":"<p>http:\/\/www.chorcantico.at\/wp-content\/uploads\/mediapress\/sitewide\/1\/936\/Werst-mei-Liacht-ume-sein.mp4 Hier findet ihr ein paar kurze H\u00f6rproben, um einen kleinen \u00dcberblick \u00fcber unser Repertoire zu bekommen. Diese Live-Videos wurden beim letzten Adventkonzert im Jahr 2016 mitgefilmt. Diese Aufnahmen sind [&hellip;]<\/p>\n","protected":false},"author":1,"featured_media":0,"parent":0,"menu_order":5,"comment_status":"closed","ping_status":"closed","template":"","meta":{"ngg_post_thumbnail":0,"footnotes":""},"class_list":["post-48","page","type-page","status-publish","hentry"],"_links":{"self":[{"href":"http:\/\/www.chorcantico.at\/index.php?rest_route=\/wp\/v2\/pages\/48"}],"collection":[{"href":"http:\/\/www.chorcantico.at\/index.php?rest_route=\/wp\/v2\/pages"}],"about":[{"href":"http:\/\/www.chorcantico.at\/index.php?rest_route=\/wp\/v2\/types\/page"}],"author":[{"embeddable":true,"href":"http:\/\/www.chorcantico.at\/index.php?rest_route=\/wp\/v2\/users\/1"}],"replies":[{"embeddable":true,"href":"http:\/\/www.chorcantico.at\/index.php?rest_route=%2Fwp%2Fv2%2Fcomments&post=48"}],"version-history":[{"count":70,"href":"http:\/\/www.chorcantico.at\/index.php?rest_route=\/wp\/v2\/pages\/48\/revisions"}],"predecessor-version":[{"id":1319,"href":"http:\/\/www.chorcantico.at\/index.php?rest_route=\/wp\/v2\/pages\/48\/revisions\/1319"}],"wp:attachment":[{"href":"http:\/\/www.chorcantico.at\/index.php?rest_route=%2Fwp%2Fv2%2Fmedia&parent=48"}],"curies":[{"name":"wp","href":"https:\/\/api.w.org\/{rel}","templated":true}]}}